{"id":11907,"date":"2024-09-04T10:15:53","date_gmt":"2024-09-04T10:15:53","guid":{"rendered":"https:\/\/viettourist.asia\/?post_type=product&#038;p=11907"},"modified":"2024-12-17T09:51:17","modified_gmt":"2024-12-17T09:51:17","slug":"dedictvi-centralniho-vietnamu-luxusnim-vlakem-6-dni-5-noci","status":"publish","type":"product","link":"https:\/\/viettourist.asia\/cs\/turne\/dedictvi-centralniho-vietnamu-luxusnim-vlakem-6-dni-5-noci\/","title":{"rendered":"Heritage Central Vietnam luxusn\u00edm vlakem 6 dn\u00ed \/ 5 noc\u00ed"},"content":{"rendered":"<p>Tento itiner\u00e1\u0159 v\u00e1s zavede na luxusn\u00ed cestu bohat\u00fdm d\u011bdictv\u00edm a ohromuj\u00edc\u00ed scen\u00e9ri\u00ed st\u0159edn\u00edho Vietnamu. Prozkoum\u00e1te starobyl\u00e9 m\u011bsto Hue, okouzluj\u00edc\u00ed m\u011bsto Hoi An a kr\u00e1sn\u00e9 pob\u0159e\u017en\u00ed m\u011bsto Nha Trang, a to v\u0161e p\u0159i stylov\u00e9 cest\u011b na palub\u011b luxusn\u00edho vlaku Vietage.<\/p>","protected":false},"excerpt":{"rendered":"<p>Tento itiner\u00e1\u0159 v\u00e1s zavede na luxusn\u00ed cestu bohat\u00fdm d\u011bdictv\u00edm a ohromuj\u00edc\u00ed scen\u00e9ri\u00ed st\u0159edn\u00edho Vietnamu. Prozkoum\u00e1te starobyl\u00e9 m\u011bsto Hue, okouzluj\u00edc\u00ed m\u011bsto Hoi An a kr\u00e1sn\u00e9 pob\u0159e\u017en\u00ed m\u011bsto Nha Trang, a to v\u0161e p\u0159i stylov\u00e9 cest\u011b na palub\u011b luxusn\u00edho vlaku Vietage.<\/p>","protected":false},"featured_media":11913,"template":"","meta":[],"product_cat":[88,89,90,92,86,103],"product_tag":[],"class_list":{"0":"post-11907","1":"product","2":"type-product","3":"status-publish","4":"has-post-thumbnail","6":"brw_tour_themes-culture","7":"brw_tour_themes-discover","8":"brw_tour_themes-family","9":"brw_tour_themes-group","10":"brw_tour_themes-luxury","11":"product_cat-culture","12":"product_cat-discover","13":"product_cat-family","14":"product_cat-group","15":"product_cat-luxury","16":"product_cat-tour-themes","18":"first","19":"instock","20":"shipping-taxable","21":"product-type-ovabrw_car_rental"},"_links":{"self":[{"href":"https:\/\/viettourist.asia\/cs\/wp-json\/wp\/v2\/product\/11907"}],"collection":[{"href":"https:\/\/viettourist.asia\/cs\/wp-json\/wp\/v2\/product"}],"about":[{"href":"https:\/\/viettourist.asia\/cs\/wp-json\/wp\/v2\/types\/product"}],"version-history":[{"count":2,"href":"https:\/\/viettourist.asia\/cs\/wp-json\/wp\/v2\/product\/11907\/revisions"}],"predecessor-version":[{"id":11917,"href":"https:\/\/viettourist.asia\/cs\/wp-json\/wp\/v2\/product\/11907\/revisions\/11917"}],"wp:featuredmedia":[{"embeddable":true,"href":"https:\/\/viettourist.asia\/cs\/wp-json\/wp\/v2\/media\/11913"}],"wp:attachment":[{"href":"https:\/\/viettourist.asia\/cs\/wp-json\/wp\/v2\/media?parent=11907"}],"wp:term":[{"taxonomy":"product_cat","embeddable":true,"href":"https:\/\/viettourist.asia\/cs\/wp-json\/wp\/v2\/product_cat?post=11907"},{"taxonomy":"product_tag","embeddable":true,"href":"https:\/\/viettourist.asia\/cs\/wp-json\/wp\/v2\/product_tag?post=11907"}],"curies":[{"name":"wp","href":"https:\/\/api.w.org\/{rel}","templated":true}]}}