{"id":11901,"date":"2024-09-04T10:01:31","date_gmt":"2024-09-04T10:01:31","guid":{"rendered":"https:\/\/viettourist.asia\/?post_type=product&#038;p=11901"},"modified":"2024-12-17T09:48:51","modified_gmt":"2024-12-17T09:48:51","slug":"historicky-a-gastronomicky-zazitek-v-hociminove-meste-5-dni-4-noci","status":"publish","type":"product","link":"https:\/\/viettourist.asia\/cs\/turne\/historicky-a-gastronomicky-zazitek-v-hociminove-meste-5-dni-4-noci\/","title":{"rendered":"Ho \u010ci Minovo m\u011bsto Historick\u00e9 a gastronomick\u00e9 z\u00e1\u017eitky 5 dn\u00ed \/ 4 noci"},"content":{"rendered":"<p>Ho \u010ci Minovo m\u011bsto, pulzuj\u00edc\u00ed gobel\u00edn utkan\u00fd ze starov\u011bk\u00fdch chr\u00e1m\u016f, v\u00e1le\u010dn\u00fdch relikvi\u00ed a pulsuj\u00edc\u00edch pouli\u010dn\u00edch st\u00e1nk\u016f s ob\u010derstven\u00edm, l\u00e1k\u00e1 zv\u011bdav\u00e9ho cestovatele. Pono\u0159te se do tohoto \u00fachvatn\u00e9ho m\u011bsta na 5denn\u00ed bou\u0159liv\u00e9 dobrodru\u017estv\u00ed. Pono\u0159te se do fascinuj\u00edc\u00ed minulosti m\u011bsta prozkoum\u00e1n\u00edm tunel\u016f Cu Chi a ikonick\u00fdch pam\u00e1tek, jako je katedr\u00e1la Notre Dame. U\u017eijte si prohl\u00eddku j\u00eddla s ikonick\u00fdm sk\u00fatrem Vespa po nejslavn\u011bj\u0161\u00ed potravin\u00e1\u0159sk\u00e9 ulici v Ho \u010ci Minov\u011b M\u011bst\u011b.<\/p>","protected":false},"excerpt":{"rendered":"<p>Ho Chi Minh City, a vibrant tapestry woven from ancient temples, wartime relics, and pulsating street food stalls, beckons the curious traveler. Immerse yourself in this captivating city on a whirlwind 5-day adventure. Delve into the city&#8217;s fascinating past by exploring the Cu Chi Tunnels and iconic landmarks like the Notre Dame Cathedral.\u00a0 Enjoy a [&hellip;]<\/p>\n","protected":false},"featured_media":11890,"template":"","meta":[],"product_cat":[87,88,89,109,90,92,103],"product_tag":[],"class_list":{"0":"post-11901","1":"product","2":"type-product","3":"status-publish","4":"has-post-thumbnail","6":"brw_tour_themes-adventure","7":"brw_tour_themes-culture","8":"brw_tour_themes-discover","9":"brw_tour_themes-family","10":"brw_tour_themes-group","11":"product_cat-adventure","12":"product_cat-culture","13":"product_cat-discover","14":"product_cat-education","15":"product_cat-family","16":"product_cat-group","17":"product_cat-tour-themes","19":"first","20":"instock","21":"shipping-taxable","22":"product-type-ovabrw_car_rental"},"_links":{"self":[{"href":"https:\/\/viettourist.asia\/cs\/wp-json\/wp\/v2\/product\/11901"}],"collection":[{"href":"https:\/\/viettourist.asia\/cs\/wp-json\/wp\/v2\/product"}],"about":[{"href":"https:\/\/viettourist.asia\/cs\/wp-json\/wp\/v2\/types\/product"}],"version-history":[{"count":1,"href":"https:\/\/viettourist.asia\/cs\/wp-json\/wp\/v2\/product\/11901\/revisions"}],"predecessor-version":[{"id":11906,"href":"https:\/\/viettourist.asia\/cs\/wp-json\/wp\/v2\/product\/11901\/revisions\/11906"}],"wp:featuredmedia":[{"embeddable":true,"href":"https:\/\/viettourist.asia\/cs\/wp-json\/wp\/v2\/media\/11890"}],"wp:attachment":[{"href":"https:\/\/viettourist.asia\/cs\/wp-json\/wp\/v2\/media?parent=11901"}],"wp:term":[{"taxonomy":"product_cat","embeddable":true,"href":"https:\/\/viettourist.asia\/cs\/wp-json\/wp\/v2\/product_cat?post=11901"},{"taxonomy":"product_tag","embeddable":true,"href":"https:\/\/viettourist.asia\/cs\/wp-json\/wp\/v2\/product_tag?post=11901"}],"curies":[{"name":"wp","href":"https:\/\/api.w.org\/{rel}","templated":true}]}}