{"id":11883,"date":"2024-09-04T09:25:45","date_gmt":"2024-09-04T09:25:45","guid":{"rendered":"https:\/\/viettourist.asia\/?post_type=product&#038;p=11883"},"modified":"2024-12-17T09:42:16","modified_gmt":"2024-12-17T09:42:16","slug":"reflexe-15-dni-vietnamu","status":"publish","type":"product","link":"https:\/\/viettourist.asia\/cs\/turne\/reflexe-15-dni-vietnamu\/","title":{"rendered":"Po stop\u00e1ch Indo\u010d\u00edny 15 dn\u00ed \/ 14 noc\u00ed"},"content":{"rendered":"<p><span class=\"OYPEnA font-feature-liga-off font-feature-clig-off font-feature-calt-off text-decoration-none text-strikethrough-none\">Vydejte se na nezapomenutelnou cestu do srdce a du\u0161e Vietnamu, objevujte historick\u00e1 m\u00edsta. Pe\u010dliv\u011b vytvo\u0159en\u00e9 dobrodru\u017estv\u00ed, kter\u00e9 hladce spojuje dechberouc\u00ed krajinu, bohat\u00e9 kulturn\u00ed z\u00e1\u017eitky a historick\u00e1 m\u00edsta. P\u0159ipojte se k n\u00e1m, kdy\u017e se pono\u0159\u00edme do pulzuj\u00edc\u00ed tapis\u00e9rie Vietnamu, od starobyl\u00fdch ulic Hanoje p\u0159es ru\u0161nou energii Ho \u010ci Minova M\u011bsta a\u017e po b\u00fdvalou demilitarizovanou z\u00f3nu, p\u0159i\u010dem\u017e z\u016fstaneme v\u011brni na\u0161emu z\u00e1vazku chr\u00e1nit p\u0159\u00edrodn\u00ed kr\u00e1sy a kulturn\u00ed d\u011bdictv\u00ed t\u00e9to okouzluj\u00edc\u00ed zem\u011b. P\u0159ipravte se pono\u0159it se do Vietnamu, spojit se s m\u00edstn\u00edmi komunitami a vytvo\u0159it si trval\u00e9 vzpom\u00ednky na v\u00fdlet, kter\u00fd p\u0159esahuje turistick\u00fd ruch: je \u010das prozkoumat Vietnam od jihu k severu.<\/span><\/p>","protected":false},"excerpt":{"rendered":"<p>Embark on an unforgettable journey to the heart and soul of Vietnam, discovering historic places. A meticulously crafted adventure that seamlessly blends breathtaking landscapes, rich cultural experiences and historic locations. Join us as we delve into the vibrant tapestry of Vietnam, from the ancient streets of Hanoi to the bustling energy of Ho Chi Minh [&hellip;]<\/p>\n","protected":false},"featured_media":11895,"template":"","meta":[],"product_cat":[88,89,109,90,92,103],"product_tag":[],"class_list":{"0":"post-11883","1":"product","2":"type-product","3":"status-publish","4":"has-post-thumbnail","6":"brw_tour_themes-culture","7":"brw_tour_themes-discover","8":"brw_tour_themes-family","9":"brw_tour_themes-group","10":"brw_tour_themes-luxury","11":"product_cat-culture","12":"product_cat-discover","13":"product_cat-education","14":"product_cat-family","15":"product_cat-group","16":"product_cat-tour-themes","18":"first","19":"instock","20":"shipping-taxable","21":"product-type-ovabrw_car_rental"},"_links":{"self":[{"href":"https:\/\/viettourist.asia\/cs\/wp-json\/wp\/v2\/product\/11883"}],"collection":[{"href":"https:\/\/viettourist.asia\/cs\/wp-json\/wp\/v2\/product"}],"about":[{"href":"https:\/\/viettourist.asia\/cs\/wp-json\/wp\/v2\/types\/product"}],"version-history":[{"count":2,"href":"https:\/\/viettourist.asia\/cs\/wp-json\/wp\/v2\/product\/11883\/revisions"}],"predecessor-version":[{"id":11979,"href":"https:\/\/viettourist.asia\/cs\/wp-json\/wp\/v2\/product\/11883\/revisions\/11979"}],"wp:featuredmedia":[{"embeddable":true,"href":"https:\/\/viettourist.asia\/cs\/wp-json\/wp\/v2\/media\/11895"}],"wp:attachment":[{"href":"https:\/\/viettourist.asia\/cs\/wp-json\/wp\/v2\/media?parent=11883"}],"wp:term":[{"taxonomy":"product_cat","embeddable":true,"href":"https:\/\/viettourist.asia\/cs\/wp-json\/wp\/v2\/product_cat?post=11883"},{"taxonomy":"product_tag","embeddable":true,"href":"https:\/\/viettourist.asia\/cs\/wp-json\/wp\/v2\/product_tag?post=11883"}],"curies":[{"name":"wp","href":"https:\/\/api.w.org\/{rel}","templated":true}]}}